{"id":464,"date":"2021-02-07T16:10:16","date_gmt":"2021-02-07T15:10:16","guid":{"rendered":"http:\/\/cie-noesis.org\/v2\/?page_id=464"},"modified":"2025-02-11T02:28:44","modified_gmt":"2025-02-11T01:28:44","slug":"diane-metamorphosis","status":"publish","type":"page","link":"http:\/\/cie-noesis.org\/v2\/diane-metamorphosis\/","title":{"rendered":"DIANE METAMORPHOSIS"},"content":{"rendered":"\n<div class=\"eplus-8f0bQW wp-block-media-text alignwide has-media-on-the-right is-stacked-on-mobile eplus-wrapper\"><div class=\"wp-block-media-text__content\">\n<h3 class=\"eplus-gIx7pl wp-block-heading eplus-wrapper\"><mark style=\"background-color:rgba(0, 0, 0, 0);color:#b51515\" class=\"has-inline-color\">DIANE&nbsp;METAMORPHOSIS <\/mark><\/h3>\n\n\n\n<p class=\"eplus-iAM6SV eplus-wrapper\"><strong>Film de Christophe Bisson, 2018, 49 min<\/strong><\/p>\n\n\n\n<p class=\"eplus-leWfgj eplus-wrapper\">D&#8217;apr\u00e8s la pi\u00e8ce FACES [pour Narcisse] d&#8217;Alexandre Le Petit<strong><br><br>Hybridation libre des M\u00e9tamorphoses d&#8217;Ovide, des Pussy riots, du cin\u00e9ma de David Lynch et de la mystique rh\u00e9nane.<br><br>Avec :&nbsp;<\/strong>Flora Pilet &amp; Caroline Adam<strong><br>R\u00e9alisation &amp; montage :<\/strong> Christophe Bisson<br><strong>Cr\u00e9ation sonore &amp; mixage :<\/strong> Alexandre Le Petit<br><strong>Effets Sp\u00e9ciaux, fx :<\/strong> Baptiste Bisson<\/p>\n<\/div><figure class=\"wp-block-media-text__media\"><img loading=\"lazy\" decoding=\"async\" width=\"540\" height=\"281\" src=\"http:\/\/cie-noesis.org\/v2\/wp-content\/uploads\/2021\/02\/noesis_faces-pour-narcisse_diane-metamorphosis_10.jpg\" alt=\"\" class=\"wp-image-912 size-full\" srcset=\"http:\/\/cie-noesis.org\/v2\/wp-content\/uploads\/2021\/02\/noesis_faces-pour-narcisse_diane-metamorphosis_10.jpg 540w, http:\/\/cie-noesis.org\/v2\/wp-content\/uploads\/2021\/02\/noesis_faces-pour-narcisse_diane-metamorphosis_10-300x156.jpg 300w\" sizes=\"auto, (max-width: 540px) 100vw, 540px\" \/><\/figure><\/div>\n\n\n\n<p class=\"eplus-ik5Y8k eplus-wrapper\">D\u2019une mythologie \u00e0 une autre, Diane devient Artemis, figure du jour, du soleil, ou alors, lunaire, sauvage, paradoxale d\u00e9esse virginale li\u00e9e aux femmes donnant vie. Ces miroitantes repr\u00e9sentations d\u2019une femme l\u00e9gendaire deviennent les personnages successifs du film de Christophe Bisson. Sans donner corps \u00e0 chacune de ces apparitions, il offre la suggestion d\u2019une hypoth\u00e9tique figure, telle Echo s\u2019effa\u00e7ant dans la r\u00e9p\u00e9tition de la parole des autres. Les longs plans \u00e9vid\u00e9s s\u2019ouvrent \u00e0 toute interpr\u00e9tation.<\/p>\n\n\n\n<figure class=\"eplus-DlrS8d wp-block-gallery alignwide has-nested-images columns-default is-cropped eplus-wrapper wp-block-gallery-1 is-layout-flex wp-block-gallery-is-layout-flex\">\n<figure class=\" wp-block-image size-large eplus-wrapper\"><img loading=\"lazy\" decoding=\"async\" width=\"436\" height=\"245\" data-id=\"918\" src=\"https:\/\/cie-noesis.org\/v2\/wp-content\/uploads\/2021\/02\/noesis_faces-pour-narcisse_diane-metamorphosis_8-WEf5fd7588b7.jpg\" alt=\"\" class=\"wp-image-918\" srcset=\"http:\/\/cie-noesis.org\/v2\/wp-content\/uploads\/2021\/02\/noesis_faces-pour-narcisse_diane-metamorphosis_8-WEf5fd7588b7.jpg 436w, http:\/\/cie-noesis.org\/v2\/wp-content\/uploads\/2021\/02\/noesis_faces-pour-narcisse_diane-metamorphosis_8-WEf5fd7588b7-300x169.jpg 300w\" sizes=\"auto, (max-width: 436px) 100vw, 436px\" \/><\/figure>\n\n\n\n<figure class=\" wp-block-image size-large eplus-wrapper\"><img loading=\"lazy\" decoding=\"async\" width=\"435\" height=\"245\" data-id=\"920\" src=\"https:\/\/cie-noesis.org\/v2\/wp-content\/uploads\/2021\/02\/noesis_faces-pour-narcisse_diane-metamorphosis_6-WE090aff8cf8.jpg\" alt=\"\" class=\"wp-image-920\" srcset=\"http:\/\/cie-noesis.org\/v2\/wp-content\/uploads\/2021\/02\/noesis_faces-pour-narcisse_diane-metamorphosis_6-WE090aff8cf8.jpg 435w, http:\/\/cie-noesis.org\/v2\/wp-content\/uploads\/2021\/02\/noesis_faces-pour-narcisse_diane-metamorphosis_6-WE090aff8cf8-300x169.jpg 300w\" sizes=\"auto, (max-width: 435px) 100vw, 435px\" \/><\/figure>\n<\/figure>\n\n\n\n<p class=\" eplus-N2Tmpu eplus-wrapper\"><strong>Film s\u00e9lectionn\u00e9 au Festival International de cin\u00e9ma de Marseille <\/strong><\/p>\n\n\n\n<p class=\" eplus-Dthk1K eplus-wrapper\"><strong>(FID) 2018<br><\/strong>\u00c9crans parall\u00e8les \/ We&#8217;re gonna rock him !<br><br><strong>Projections :<br><\/strong>Le 12\/07\/18, \u00e0 10h00 : Vari\u00e9t\u00e9s 3<br>Le 15\/07\/18, \u00e0 11h : Vari\u00e9t\u00e9s 3<br><br><strong>Programme complet :<br><\/strong>https:\/\/fidmarseille.org\/film\/diane-metamorphosis\/<br>https:\/\/fidmarseille.org\/<\/p>\n\n\n<div class=\"wp-block-coblocks-shape-divider alignfull is-style-pointed mt-0 mb-0\" style=\"color: #111;\" aria-hidden=\"true\">\n\t\t\t<div class=\"wp-block-coblocks-shape-divider__svg-wrapper\" style=\"height:100px;\">\n\t\t\t\t<svg class=\"divider--pointed\" xmlns=\"http:\/\/www.w3.org\/2000\/svg\" viewBox=\"0 0 1000 100\" preserveAspectRatio=\"none\"><path d=\"M737.9,94.7L0,0v100h1000V0L737.9,94.7z\"><\/path><\/svg>\n\t\t\t<\/div>\n\t\t\t<div class=\"wp-block-coblocks-shape-divider__alt-wrapper\" style=\"height:50px;\"><\/div>\n\t\t<\/div>","protected":false},"excerpt":{"rendered":"<p>DIANE&nbsp;METAMORPHOSIS Film de Christophe Bisson, 2018, 49 min D&#8217;apr\u00e8s la pi\u00e8ce FACES [pour Narcisse] d&#8217;Alexandre Le Petit Hybridation libre des M\u00e9tamorphoses d&#8217;Ovide, des Pussy riots, du cin\u00e9ma de David Lynch et de la mystique rh\u00e9nane. Avec :&nbsp;Flora Pilet &amp; Caroline AdamR\u00e9alisation &amp; montage : Christophe BissonCr\u00e9ation sonore &amp; mixage : Alexandre Le PetitEffets Sp\u00e9ciaux, fx [&hellip;]<\/p>\n","protected":false},"author":1,"featured_media":0,"parent":0,"menu_order":0,"comment_status":"closed","ping_status":"closed","template":"","meta":{"_coblocks_attr":"","_coblocks_dimensions":"","_coblocks_responsive_height":"","_coblocks_accordion_ie_support":"","_uag_custom_page_level_css":"","editor_plus_copied_stylings":"{}","hide_page_title":"","footnotes":""},"class_list":["post-464","page","type-page","status-publish","hentry"],"uagb_featured_image_src":{"full":false,"thumbnail":false,"medium":false,"medium_large":false,"large":false,"1536x1536":false,"2048x2048":false,"awb_sm":false,"awb_md":false,"awb_lg":false,"awb_xl":false},"uagb_author_info":{"display_name":"noesis","author_link":"http:\/\/cie-noesis.org\/v2\/author\/noesis\/"},"uagb_comment_info":0,"uagb_excerpt":"DIANE&nbsp;METAMORPHOSIS Film de Christophe Bisson, 2018, 49 min D&#8217;apr\u00e8s la pi\u00e8ce FACES [pour Narcisse] d&#8217;Alexandre Le Petit Hybridation libre des M\u00e9tamorphoses d&#8217;Ovide, des Pussy riots, du cin\u00e9ma de David Lynch et de la mystique rh\u00e9nane. Avec :&nbsp;Flora Pilet &amp; Caroline AdamR\u00e9alisation &amp; montage : Christophe BissonCr\u00e9ation sonore &amp; mixage : Alexandre Le PetitEffets Sp\u00e9ciaux, fx\u2026","_links":{"self":[{"href":"http:\/\/cie-noesis.org\/v2\/wp-json\/wp\/v2\/pages\/464","targetHints":{"allow":["GET"]}}],"collection":[{"href":"http:\/\/cie-noesis.org\/v2\/wp-json\/wp\/v2\/pages"}],"about":[{"href":"http:\/\/cie-noesis.org\/v2\/wp-json\/wp\/v2\/types\/page"}],"author":[{"embeddable":true,"href":"http:\/\/cie-noesis.org\/v2\/wp-json\/wp\/v2\/users\/1"}],"replies":[{"embeddable":true,"href":"http:\/\/cie-noesis.org\/v2\/wp-json\/wp\/v2\/comments?post=464"}],"version-history":[{"count":10,"href":"http:\/\/cie-noesis.org\/v2\/wp-json\/wp\/v2\/pages\/464\/revisions"}],"predecessor-version":[{"id":4048,"href":"http:\/\/cie-noesis.org\/v2\/wp-json\/wp\/v2\/pages\/464\/revisions\/4048"}],"wp:attachment":[{"href":"http:\/\/cie-noesis.org\/v2\/wp-json\/wp\/v2\/media?parent=464"}],"curies":[{"name":"wp","href":"https:\/\/api.w.org\/{rel}","templated":true}]}}