{"id":3121,"date":"2024-03-13T18:40:49","date_gmt":"2024-03-13T17:40:49","guid":{"rendered":"https:\/\/cie-noesis.org\/v2\/?page_id=3121"},"modified":"2025-09-27T03:21:52","modified_gmt":"2025-09-27T01:21:52","slug":"asylum","status":"publish","type":"page","link":"https:\/\/cie-noesis.org\/v2\/asylum\/","title":{"rendered":"ASYLUM"},"content":{"rendered":"\n<div class=\"wp-block-uagb-container uagb-block-04918e7f alignfull uagb-is-root-container\"><div class=\"uagb-container-inner-blocks-wrap\">\n<div class=\"wp-block-uagb-container uagb-block-1efe22d9\">\n<div class=\"wp-block-uagb-image alignright uagb-block-7f3e3b31 wp-block-uagb-image--layout-default wp-block-uagb-image--effect-static wp-block-uagb-image--align-right\"><figure class=\"wp-block-uagb-image__figure\"><a class=\"\" href=\"https:\/\/cie-noesis.org\/v2\/\" target=\"\" rel=\"noopener\"><img decoding=\"async\" srcset=\"https:\/\/cie-noesis.org\/v2\/wp-content\/uploads\/2024\/03\/logo-noesis_BLANC-sur-TRANSPARENT_OK.png ,https:\/\/cie-noesis.org\/v2\/wp-content\/uploads\/2024\/03\/logo-noesis_BLANC-sur-TRANSPARENT_OK.png 780w, https:\/\/cie-noesis.org\/v2\/wp-content\/uploads\/2024\/03\/logo-noesis_BLANC-sur-TRANSPARENT_OK.png 360w\" sizes=\"auto, (max-width: 480px) 150px\" src=\"https:\/\/cie-noesis.org\/v2\/wp-content\/uploads\/2024\/03\/logo-noesis_BLANC-sur-TRANSPARENT_OK.png\" alt=\"\" class=\"uag-image-3154\" width=\"195\" height=\"81\" title=\"logo noesis_BLANC sur TRANSPARENT_OK\" loading=\"lazy\" role=\"img\"\/><\/a><\/figure><\/div>\n<\/div>\n\n\n\n<div class=\"wp-block-uagb-container uagb-block-d747b494\">\n<div class=\"wp-block-uagb-image alignleft uagb-block-417507e2 wp-block-uagb-image--layout-default wp-block-uagb-image--effect-static wp-block-uagb-image--align-left\"><figure class=\"wp-block-uagb-image__figure\"><img decoding=\"async\" srcset=\"https:\/\/cie-noesis.org\/v2\/wp-content\/uploads\/2025\/03\/EstampilleProjetLabellise-1024x407.png ,https:\/\/cie-noesis.org\/v2\/wp-content\/uploads\/2025\/03\/EstampilleProjetLabellise.png 780w, https:\/\/cie-noesis.org\/v2\/wp-content\/uploads\/2025\/03\/EstampilleProjetLabellise.png 360w\" sizes=\"auto, (max-width: 480px) 150px\" src=\"https:\/\/cie-noesis.org\/v2\/wp-content\/uploads\/2025\/03\/EstampilleProjetLabellise-1024x407.png\" alt=\"\" class=\"uag-image-4091\" width=\"191\" height=\"64\" title=\"EstampilleProjetLabellise\" loading=\"lazy\" role=\"img\"\/><\/figure><\/div>\n<\/div>\n<\/div><\/div>\n\n\n<div class=\" wp-block-cover alignwide is-light eplus-wrapper eplus-styles-uid-09a470\" style=\"min-height:580px;aspect-ratio:unset;\"><video class=\"wp-block-cover__video-background intrinsic-ignore\" autoplay muted loop playsinline src=\"http:\/\/cie-noesis.org\/v2\/wp-content\/uploads\/2024\/03\/asylum_teaser_mini_SON-ON_SANS-TITRES_loop-site-web_2-2.mp4\" data-object-fit=\"cover\"><\/video><span aria-hidden=\"true\" class=\"wp-block-cover__background has-background-dim-20 has-background-dim\"><\/span><div class=\"wp-block-cover__inner-container is-layout-constrained wp-block-cover-is-layout-constrained\">\n<h1 class=\"wp-block-heading has-text-align-center has-quaternary-color has-text-color has-link-color has-karla-font-family has-custom-font eplus-wrapper wp-elements-854d886744daaf0a12ba56bb54fcab8c\" style=\"font-family:Karla\"><strong>ASYLUM<\/strong><\/h1>\n\n\n<p class=\"is-style-default  has-text-align-center has-quaternary-color has-text-color has-link-color eplus-wrapper wp-elements-632bce5d7f108438601b51bdcca7a308 eplus-styles-uid-63c786\" style=\"font-size:15px\"><strong>PERFORMANCE &#8211; IN SITU &#8211; DINER<\/strong><br><mark style=\"background-color:rgba(0, 0, 0, 0)\" class=\"has-inline-color has-tertiary-color\"><strong>10 &amp; 11 OCTOBRE 2025 &#8211; 20h00<\/strong><br>LA COOP\u00c9RATIVE CHOR\u00c9GRAPHIQUE<br>Le S\u00e9pulcre &#8211; Caen<\/mark><\/p><\/div><\/div>\n\n\n<div style=\"height:37px\" aria-hidden=\"true\" class=\" wp-block-spacer eplus-wrapper\"><\/div>\n\n\n\n<section class=\"wp-block-uagb-columns uagb-columns__wrap uagb-columns__background-none uagb-columns__stack-mobile uagb-columns__valign- uagb-columns__gap-10 align uagb-block-142c15d4 uagb-columns__columns-1 uagb-columns__max_width-theme\"><div class=\"uagb-columns__overlay\"><\/div><div class=\"uagb-columns__inner-wrap uagb-columns__columns-1\">\n<div class=\"wp-block-uagb-column uagb-column__wrap uagb-column__background-undefined uagb-block-43824002\"><div class=\"uagb-column__overlay\"><\/div>\n<p class=\" eplus-wrapper\"><mark style=\"background-color:rgba(0, 0, 0, 0)\" class=\"has-inline-color has-tertiary-color\">Nous vivons dans un monde dans lequel tout change \u00e0 une vitesse vertigineuse. Les technologies, les modes de vie, les valeurs, les besoins, les d\u00e9sirs\u2026 Tout est en perp\u00e9tuelle mutation, et nous devons nous adapter sans cesse \u00e0 ces transformations. Nous sommes soumis \u00e0 une disruption<br>permanente, qui nous oblige \u00e0 remettre en question nos rep\u00e8res, nos habitudes, nos certitudes. Comment ne pas devenir fou dans ce contexte ?<\/mark><\/p>\n<\/div>\n<\/div><\/section>\n\n\n\n<section class=\"wp-block-uagb-columns uagb-columns__wrap uagb-columns__background-none uagb-columns__stack-mobile uagb-columns__valign- uagb-columns__gap-10 align uagb-block-e1d12068 uagb-columns__columns-2 uagb-columns__max_width-theme\"><div class=\"uagb-columns__overlay\"><\/div><div class=\"uagb-columns__inner-wrap uagb-columns__columns-2\">\n<div class=\"wp-block-uagb-column uagb-column__wrap uagb-column__background-undefined uagb-block-a06898c5\"><div class=\"uagb-column__overlay\"><\/div>\n<figure class=\" wp-block-image size-large eplus-wrapper\"><img loading=\"lazy\" decoding=\"async\" width=\"683\" height=\"1024\" src=\"http:\/\/cie-noesis.org\/v2\/wp-content\/uploads\/2024\/01\/Asylum118-small-683x1024.png\" alt=\"noesis, flora pilet, alexandre le petit, cr\u00e9ation, asylum, danse, performance, installation, normandie impressionniste, la coop\u00e9rative chor\u00e9graphique, toucher instant, exp\u00e9rimental, hybride, hospitalit\u00e9, cie\" class=\"wp-image-2977\" srcset=\"https:\/\/cie-noesis.org\/v2\/wp-content\/uploads\/2024\/01\/Asylum118-small-683x1024.png 683w, https:\/\/cie-noesis.org\/v2\/wp-content\/uploads\/2024\/01\/Asylum118-small-200x300.png 200w, https:\/\/cie-noesis.org\/v2\/wp-content\/uploads\/2024\/01\/Asylum118-small-768x1152.png 768w, https:\/\/cie-noesis.org\/v2\/wp-content\/uploads\/2024\/01\/Asylum118-small-500x750.png 500w, https:\/\/cie-noesis.org\/v2\/wp-content\/uploads\/2024\/01\/Asylum118-small-800x1200.png 800w, https:\/\/cie-noesis.org\/v2\/wp-content\/uploads\/2024\/01\/Asylum118-small.png 1000w\" sizes=\"auto, (max-width: 683px) 100vw, 683px\" \/><\/figure>\n<\/div>\n\n\n\n<div class=\"wp-block-uagb-column uagb-column__wrap uagb-column__background-undefined uagb-block-1e599c75\"><div class=\"uagb-column__overlay\"><\/div>\n<figure class=\" wp-block-image size-full eplus-wrapper\"><img decoding=\"async\" src=\"http:\/\/cie-noesis.org\/v2\/wp-content\/uploads\/2024\/03\/Asylum_1-5-2.jpg\" alt=\"noesis, flora pilet, alexandre le petit, cr\u00e9ation, asylum, danse, performance, installation, normandie impressionniste, la coop\u00e9rative chor\u00e9graphique, toucher instant, exp\u00e9rimental, hybride, hospitalit\u00e9, cie\" class=\"wp-image-3217\"\/><\/figure>\n<\/div>\n<\/div><\/section>\n\n\n\n<section class=\"wp-block-uagb-columns uagb-columns__wrap uagb-columns__background-none uagb-columns__stack-mobile uagb-columns__valign- uagb-columns__gap-10 align uagb-block-55bacef7 uagb-columns__columns-1 uagb-columns__max_width-theme\"><div class=\"uagb-columns__overlay\"><\/div><div class=\"uagb-columns__inner-wrap uagb-columns__columns-1\">\n<div class=\"wp-block-uagb-column uagb-column__wrap uagb-column__background-undefined uagb-block-345b54cc\"><div class=\"uagb-column__overlay\"><\/div>\n<p class=\"has-quaternary-color has-text-color has-link-color eplus-wrapper wp-elements-8cb9cf4e5d3bea2ab52c2e9588e8a4ab\"><mark style=\"background-color:rgba(0, 0, 0, 0)\" class=\"has-inline-color has-tertiary-color\"><br>Asylum est une performance hybride, une installation mutante qui invite \u00e0 ralentir, \u00e0 faire un pas de c\u00f4t\u00e9. C\u2019est un territoire sans fronti\u00e8res, impur et hospitalier. C\u2019est un moment&nbsp;furtif pour \u00e9chapper \u00e0 l\u2019hyper spectaculaire et \u00e0 l\u2019hyper vitesse, un refuge pour se reposer, pour respirer, pour se m\u00e9langer. <br><\/mark><\/p>\n<\/div>\n<\/div><\/section>\n\n\n\n<figure class=\" wp-block-image size-full eplus-wrapper\"><img loading=\"lazy\" decoding=\"async\" width=\"2560\" height=\"1707\" src=\"http:\/\/cie-noesis.org\/v2\/wp-content\/uploads\/2024\/03\/Asylum8-2-scaled.jpg\" alt=\"noesis, flora pilet, alexandre le petit, cr\u00e9ation, asylum, danse, performance, installation, normandie impressionniste, la coop\u00e9rative chor\u00e9graphique, toucher instant, exp\u00e9rimental, hybride, hospitalit\u00e9, cie\" class=\"wp-image-3222\" srcset=\"https:\/\/cie-noesis.org\/v2\/wp-content\/uploads\/2024\/03\/Asylum8-2-scaled.jpg 2560w, https:\/\/cie-noesis.org\/v2\/wp-content\/uploads\/2024\/03\/Asylum8-2-300x200.jpg 300w\" sizes=\"auto, (max-width: 2560px) 100vw, 2560px\" \/><\/figure>\n\n\n\n<section class=\"wp-block-uagb-columns uagb-columns__wrap uagb-columns__background-none uagb-columns__stack-mobile uagb-columns__valign- uagb-columns__gap-10 align uagb-block-70c8548c uagb-columns__columns-1 uagb-columns__max_width-theme\"><div class=\"uagb-columns__overlay\"><\/div><div class=\"uagb-columns__inner-wrap uagb-columns__columns-1\">\n<div class=\"wp-block-uagb-column uagb-column__wrap uagb-column__background-undefined uagb-block-396d893b\"><div class=\"uagb-column__overlay\"><\/div>\n<p class=\" eplus-wrapper\"><mark style=\"background-color:rgba(0, 0, 0, 0)\" class=\"has-inline-color has-tertiary-color\">Le paysage arborescent de cette cr\u00e9ation immersive vous propose de traverser une exp\u00e9rience \u00e9largie de la pratique chor\u00e9graphique, qui prend \u00e0 bras-le-corps les questions de l\u2019espoir, du commun, de la joie. <mark style=\"background-color:rgba(0, 0, 0, 0)\" class=\"has-inline-color has-tertiary-color\">C\u2019est un chemin que chacun peut imaginer, tracer, relier, comme dans l\u2019amour et l\u2019amiti\u00e9, mais aussi au c\u0153ur d\u2019une cit\u00e9 ou sur un plateau. <\/mark><\/mark><br><br><mark style=\"background-color:rgba(0, 0, 0, 0)\" class=\"has-inline-color has-tertiary-color\"><mark style=\"background-color:rgba(0, 0, 0, 0)\" class=\"has-inline-color has-tertiary-color\">Une catastrophe, un plan s\u00e9quence, un d\u00eener. Une \u00eele mobile du kiff, de la musique et du repos.<\/mark><\/mark><\/p>\n<\/div>\n<\/div><\/section>\n\n\n\n<section class=\"wp-block-uagb-columns uagb-columns__wrap uagb-columns__background-none uagb-columns__stack-mobile uagb-columns__valign- uagb-columns__gap-10 align uagb-block-40ccc33a uagb-columns__columns-2 uagb-columns__max_width-theme\"><div class=\"uagb-columns__overlay\"><\/div><div class=\"uagb-columns__inner-wrap uagb-columns__columns-2\">\n<div class=\"wp-block-uagb-column uagb-column__wrap uagb-column__background-undefined uagb-block-3bd65289\"><div class=\"uagb-column__overlay\"><\/div>\n<figure class=\" wp-block-image size-full eplus-wrapper\"><img loading=\"lazy\" decoding=\"async\" width=\"2560\" height=\"1707\" src=\"http:\/\/cie-noesis.org\/v2\/wp-content\/uploads\/2024\/03\/Asylum34-2-scaled.jpg\" alt=\"noesis, flora pilet, alexandre le petit, cr\u00e9ation, asylum, danse, performance, installation, normandie impressionniste, la coop\u00e9rative chor\u00e9graphique, toucher instant, exp\u00e9rimental, hybride, hospitalit\u00e9, cie\" class=\"wp-image-3237\" srcset=\"https:\/\/cie-noesis.org\/v2\/wp-content\/uploads\/2024\/03\/Asylum34-2-scaled.jpg 2560w, https:\/\/cie-noesis.org\/v2\/wp-content\/uploads\/2024\/03\/Asylum34-2-300x200.jpg 300w\" sizes=\"auto, (max-width: 2560px) 100vw, 2560px\" \/><\/figure>\n<\/div>\n\n\n\n<div class=\"wp-block-uagb-column uagb-column__wrap uagb-column__background-undefined uagb-block-ed7468a3\"><div class=\"uagb-column__overlay\"><\/div>\n<figure class=\" wp-block-image size-full eplus-wrapper\"><img loading=\"lazy\" decoding=\"async\" width=\"2560\" height=\"1707\" src=\"http:\/\/cie-noesis.org\/v2\/wp-content\/uploads\/2024\/03\/Asylum25-2-scaled.jpg\" alt=\"noesis, flora pilet, alexandre le petit, cr\u00e9ation, asylum, danse, performance, installation, normandie impressionniste, la coop\u00e9rative chor\u00e9graphique, toucher instant, exp\u00e9rimental, hybride, hospitalit\u00e9, cie\" class=\"wp-image-3233\" srcset=\"https:\/\/cie-noesis.org\/v2\/wp-content\/uploads\/2024\/03\/Asylum25-2-scaled.jpg 2560w, https:\/\/cie-noesis.org\/v2\/wp-content\/uploads\/2024\/03\/Asylum25-2-300x200.jpg 300w\" sizes=\"auto, (max-width: 2560px) 100vw, 2560px\" \/><\/figure>\n<\/div>\n<\/div><\/section>\n\n\n\n<section class=\"wp-block-uagb-columns uagb-columns__wrap uagb-columns__background-none uagb-columns__stack-mobile uagb-columns__valign- uagb-columns__gap-10 align uagb-block-ca6a55ee uagb-columns__columns-1 uagb-columns__max_width-theme\"><div class=\"uagb-columns__overlay\"><\/div><div class=\"uagb-columns__inner-wrap uagb-columns__columns-1\">\n<div class=\"wp-block-uagb-column uagb-column__wrap uagb-column__background-undefined uagb-block-05b0ddbe\"><div class=\"uagb-column__overlay\"><\/div><p class=\"edplus_anim-DQRHkY has-tertiary-color has-text-color has-link-color eplus-wrapper wp-elements-87a747333c34a28a512291b4267d8598 eplus-styles-uid-22646d\"><strong>RECR\u00c9\u00c9 POUR LA C\u00c9L\u00c9BRATION DU MILL\u00c9NAIRE DE LA VILLE DE CAEN,\u00a0ASYLUM PREND UN SENS PARTICULIER<br><\/strong><br>Une ville, elle aussi, est faite de ces espaces invisibles qui se r\u00e9inventent au fil des si\u00e8cles : lieux de rencontres, d\u2019amiti\u00e9, d\u2019amour, mais aussi de respiration collective.\u00a0Comme un instant suspendu au milieu du tumulte, nous pouvons toujours inventer, ensemble, une forme de refuge, une nouvelle loi, un nouvel \u00e9clat.<\/p><\/div>\n<\/div><\/section>\n\n\n\n<section class=\"wp-block-uagb-columns uagb-columns__wrap uagb-columns__background-none uagb-columns__stack-mobile uagb-columns__valign- uagb-columns__gap-10 align uagb-block-dce3ed70 uagb-columns__columns-1 uagb-columns__max_width-theme\"><div class=\"uagb-columns__overlay\"><\/div><div class=\"uagb-columns__inner-wrap uagb-columns__columns-1\">\n<div class=\"wp-block-uagb-column uagb-column__wrap uagb-column__background-undefined uagb-block-d376826c\"><div class=\"uagb-column__overlay\"><\/div><p class=\"edplus_anim-DQRHkY has-tertiary-color has-text-color has-link-color eplus-wrapper wp-elements-3b7d3e65e86a719ecfb8c06f1cda24fc eplus-styles-uid-22646d\"><mark style=\"background-color:rgba(0, 0, 0, 0)\" class=\"has-inline-color has-tertiary-color\">Conception et dramaturgie : Alexandre Le Petit<br>Avec : Flora Pilet, Lara Gouix, Florent Martin, P\u00e9rig Villerbu, Lor\u00e8ne Pl\u00e9, Thierry Lagadu, Damiano Fo\u00e0, Fabienne Mulot, Valentin Honor\u00e9, Genevi\u00e8ve Achille, Jeanne De La Porte, Ambre Orfao, Fran\u00e7ois Granade, Dominique Achille, Enzo Gambini, Jean R\u00e9my, Dominique Achille (&#8230;)<\/mark><br><\/p>\n\n\n<p class=\"has-tertiary-color has-text-color has-link-color eplus-wrapper wp-elements-ae77944017d766e4aa921ddc2cb8fdd7\">Lumi\u00e8re : Damiano Fo\u00e0<br>Cr\u00e9ation sonore : P\u00e9rig Villerbu<br>Chant: Anne-Flore Grandsire<br>Texte : No\u00e9lie Pl\u00e9<br>Personnages vid\u00e9o : <mark style=\"background-color:rgba(0, 0, 0, 0)\" class=\"has-inline-color has-tertiary-color\">Christophe Bisson <\/mark><\/p>\n\n\n\n<p class=\"has-tertiary-color has-text-color has-link-color eplus-wrapper wp-elements-fedeff0a51f0b72ecce0201b54ba858d\">R\u00e9gie g\u00e9n\u00e9rale : Thierry Lagadu<br>Catering &amp; diners : Chef Mitchey<\/p>\n\n\n\n<p class=\"has-tertiary-color has-text-color has-link-color eplus-wrapper wp-elements-4df547a16dedde31bb9e27cb7ef8b75e\">Images : Alban Van Wassenhove<\/p>\n\n\n<p class=\"edplus_anim-DQRHkY has-tertiary-color has-text-color has-link-color eplus-wrapper wp-elements-c6dcde9b524d8c8521688970a5b69e73 eplus-styles-uid-22646d\"><mark style=\"background-color:rgba(0, 0, 0, 0)\" class=\"has-inline-color has-tertiary-color\">Production : NOESIS<br>Coproduction : ville de Caen, Chor\u00e8ge &#8211; Centre de D\u00e9veloppement Chor\u00e9graphique National de Falaise<br>Partenariat : La Coop\u00e9rative Chor\u00e9graphique &#8211; S\u00e9pulcre, Caen<\/mark><br><br><strong>\u2192<\/strong> <strong><a href=\"https:\/\/www.helloasso.com\/associations\/la-cooperative-choregraphique\/evenements\/asylum-m25\" target=\"_blank\" rel=\"noreferrer noopener\">R\u00c9SERVATIONS<\/a><\/strong><br><strong>\u2193<\/strong> <strong><a href=\"https:\/\/cie-noesis.org\/asylum_teaser\/asylum_teaser_v1.mp4\" target=\"_blank\" rel=\"noreferrer noopener\">TEASER<\/a> <\/strong><\/p><\/div>\n<\/div><\/section>\n\n\n\n<figure class=\" wp-block-video eplus-wrapper\"><video height=\"1080\" style=\"aspect-ratio: 1920 \/ 1080;\" width=\"1920\" controls poster=\"http:\/\/cie-noesis.org\/v2\/wp-content\/uploads\/2024\/01\/Asylum6-small-2.png\" src=\"http:\/\/cie-noesis.org\/v2\/wp-content\/uploads\/2024\/03\/asylum_teaser_v1-2.mp4\"><\/video><\/figure>\n","protected":false},"excerpt":{"rendered":"<p>Nous vivons dans un monde dans lequel tout change \u00e0 une vitesse vertigineuse. Les technologies, les modes de vie, les valeurs, les besoins, les d\u00e9sirs\u2026 Tout est en perp\u00e9tuelle mutation, et nous devons nous adapter sans cesse \u00e0 ces transformations. Nous sommes soumis \u00e0 une disruptionpermanente, qui nous oblige \u00e0 remettre en question nos rep\u00e8res, [&hellip;]<\/p>\n","protected":false},"author":1,"featured_media":0,"parent":0,"menu_order":0,"comment_status":"closed","ping_status":"closed","template":"redux-templates_canvas","meta":{"_coblocks_attr":"RobotoRoboto,Ubuntu,Yrsa,Lora,Asap, Condensed,Inconsolata,Arvo,IBM Plex Sans,Roboto,Times New Roman,Faustina,Rubik,PT Serif,Heebo,Lato,Noto Serif,Merriweather,Montserrat,Barlow,Karla","_coblocks_dimensions":"","_coblocks_responsive_height":"","_coblocks_accordion_ie_support":"","_uag_custom_page_level_css":"","editor_plus_copied_stylings":"{}","hide_page_title":"enabled","footnotes":""},"class_list":["post-3121","page","type-page","status-publish","hentry"],"uagb_featured_image_src":{"full":false,"thumbnail":false,"medium":false,"medium_large":false,"large":false,"1536x1536":false,"2048x2048":false,"awb_sm":false,"awb_md":false,"awb_lg":false,"awb_xl":false},"uagb_author_info":{"display_name":"noesis","author_link":"https:\/\/cie-noesis.org\/v2\/author\/noesis\/"},"uagb_comment_info":0,"uagb_excerpt":"Nous vivons dans un monde dans lequel tout change \u00e0 une vitesse vertigineuse. Les technologies, les modes de vie, les valeurs, les besoins, les d\u00e9sirs\u2026 Tout est en perp\u00e9tuelle mutation, et nous devons nous adapter sans cesse \u00e0 ces transformations. Nous sommes soumis \u00e0 une disruptionpermanente, qui nous oblige \u00e0 remettre en question nos rep\u00e8res,\u2026","_links":{"self":[{"href":"https:\/\/cie-noesis.org\/v2\/wp-json\/wp\/v2\/pages\/3121","targetHints":{"allow":["GET"]}}],"collection":[{"href":"https:\/\/cie-noesis.org\/v2\/wp-json\/wp\/v2\/pages"}],"about":[{"href":"https:\/\/cie-noesis.org\/v2\/wp-json\/wp\/v2\/types\/page"}],"author":[{"embeddable":true,"href":"https:\/\/cie-noesis.org\/v2\/wp-json\/wp\/v2\/users\/1"}],"replies":[{"embeddable":true,"href":"https:\/\/cie-noesis.org\/v2\/wp-json\/wp\/v2\/comments?post=3121"}],"version-history":[{"count":152,"href":"https:\/\/cie-noesis.org\/v2\/wp-json\/wp\/v2\/pages\/3121\/revisions"}],"predecessor-version":[{"id":5559,"href":"https:\/\/cie-noesis.org\/v2\/wp-json\/wp\/v2\/pages\/3121\/revisions\/5559"}],"wp:attachment":[{"href":"https:\/\/cie-noesis.org\/v2\/wp-json\/wp\/v2\/media?parent=3121"}],"curies":[{"name":"wp","href":"https:\/\/api.w.org\/{rel}","templated":true}]}}